{"id":14485,"date":"2025-11-08T13:52:18","date_gmt":"2025-11-08T13:52:18","guid":{"rendered":"https:\/\/drkundakcioglu.com\/?page_id=14485"},"modified":"2026-01-01T13:52:43","modified_gmt":"2026-01-01T13:52:43","slug":"%d0%ba%d0%be%d0%bd%d1%82%d0%b0%d0%ba%d1%82","status":"publish","type":"page","link":"https:\/\/drkundakcioglu.com\/ru\/%d0%ba%d0%be%d0%bd%d1%82%d0%b0%d0%ba%d1%82\/","title":{"rendered":"\u043a\u043e\u043d\u0442\u0430\u043a\u0442"},"content":{"rendered":"\t\t<div data-elementor-type=\"wp-page\" data-elementor-id=\"14485\" class=\"elementor elementor-14485 elementor-10\">\n\t\t\t\t        <section class=\"elementor-section elementor-top-section elementor-element elementor-element-3d1a3ef elementor-section-stretched elementor-section-full_width elementor-section-height-default elementor-section-height-default\" data-id=\"3d1a3ef\" data-element_type=\"section\" data-settings=\"{&quot;stretch_section&quot;:&quot;section-stretched&quot;,&quot;background_background&quot;:&quot;classic&quot;}\">\r\n\t\t        <div class=\"elementor-container elementor-column-gap-no \" >\r\n\t\t        <div class=\"elementor-column elementor-col-100 elementor-top-column elementor-element elementor-element-b7530ab\" data-id=\"b7530ab\" data-element_type=\"column\">\r\n            <div class=\"elementor-widget-wrap elementor-element-populated\">\r\n                \t\t<div class=\"elementor-element elementor-element-5e0abb6 elementor-widget elementor-widget-google_maps\" data-id=\"5e0abb6\" data-element_type=\"widget\" data-widget_type=\"google_maps.default\">\n\t\t\t\t<div class=\"elementor-widget-container\">\n\t\t\t\t\t<div class=\"elementor-custom-embed\">\n\t\t\t<iframe loading=\"lazy\"\n\t\t\t\t\tsrc=\"https:\/\/maps.google.com\/maps?q=%C4%B0stanbul%20Dental%20Clinic%20Turkey%20%7C%20Dentist%20%7C%20%C4%B0mplant%20%7C%20Crowns%20%7C%20Veneers%20Meclis-i%20Mebusan%20Cd.%20no%3A%2071%20%20beyo%C4%9Flu&#038;t=m&#038;z=14&#038;output=embed&#038;iwloc=near\"\n\t\t\t\t\ttitle=\"\u0130stanbul Dental Clinic Turkey | Dentist | \u0130mplant | Crowns | Veneers Meclis-i Mebusan Cd. no: 71  beyo\u011flu\"\n\t\t\t\t\taria-label=\"\u0130stanbul Dental Clinic Turkey | Dentist | \u0130mplant | Crowns | Veneers Meclis-i Mebusan Cd. no: 71  beyo\u011flu\"\n\t\t\t><\/iframe>\n\t\t<\/div>\n\t\t\t\t<\/div>\n\t\t\t\t<\/div>\n\t\t            <\/div>\r\n        <\/div>\r\n        \t\t\t<\/div>\r\n\t\t<\/section>\r\n\t\t        <section class=\"elementor-section elementor-top-section elementor-element elementor-element-cb51aaf elementor-section-stretched elementor-section-boxed elementor-section-height-default elementor-section-height-default\" data-id=\"cb51aaf\" data-element_type=\"section\" data-settings=\"{&quot;stretch_section&quot;:&quot;section-stretched&quot;,&quot;background_background&quot;:&quot;classic&quot;}\">\r\n\t\t            <div class=\"elementor-background-overlay\"><\/div>\r\n\t\t        <div class=\"elementor-container elementor-column-gap-default \" >\r\n\t\t        <div class=\"elementor-column elementor-col-100 elementor-top-column elementor-element elementor-element-6515618b\" data-id=\"6515618b\" data-element_type=\"column\">\r\n            <div class=\"elementor-widget-wrap elementor-element-populated\">\r\n                        <section class=\"elementor-section elementor-inner-section elementor-element elementor-element-3fb82595 elementor-section-boxed elementor-section-height-default elementor-section-height-default\" data-id=\"3fb82595\" data-element_type=\"section\" data-settings=\"{&quot;background_background&quot;:&quot;classic&quot;}\">\r\n\t\t        <div class=\"elementor-container elementor-column-gap-default \" >\r\n\t\t        <div class=\"elementor-column elementor-col-50 elementor-inner-column elementor-element elementor-element-58683ac5\" data-id=\"58683ac5\" data-element_type=\"column\">\r\n            <div class=\"elementor-widget-wrap elementor-element-populated\">\r\n                \t\t<div class=\"elementor-element elementor-element-a547ecb elementor-widget elementor-widget-cms_ctf7\" data-id=\"a547ecb\" data-element_type=\"widget\" data-widget_type=\"cms_ctf7.default\">\n\t\t\t\t<div class=\"elementor-widget-container\">\n\t\t\t    <div id=\"cms_ctf7-a547ecb\" class=\"cms-contact-form \">\r\n        <div class=\"cms-contact-form-inner\">\r\n        \t            \n<div class=\"wpcf7 no-js\" id=\"wpcf7-f14560-o1\" lang=\"en-US\" dir=\"ltr\" data-wpcf7-id=\"14560\">\n<div class=\"screen-reader-response\"><p role=\"status\" aria-live=\"polite\" aria-atomic=\"true\"><\/p> <ul><\/ul><\/div>\n<form action=\"\/ru\/wp-json\/wp\/v2\/pages\/14485#wpcf7-f14560-o1\" method=\"post\" class=\"wpcf7-form init\" aria-label=\"Contact form\" novalidate=\"novalidate\" data-status=\"init\">\n<fieldset class=\"hidden-fields-container\"><input type=\"hidden\" name=\"_wpcf7\" value=\"14560\" \/><input type=\"hidden\" name=\"_wpcf7_version\" value=\"6.1.3\" \/><input type=\"hidden\" name=\"_wpcf7_locale\" value=\"en_US\" \/><input type=\"hidden\" name=\"_wpcf7_unit_tag\" value=\"wpcf7-f14560-o1\" \/><input type=\"hidden\" name=\"_wpcf7_container_post\" value=\"0\" \/><input type=\"hidden\" name=\"_wpcf7_posted_data_hash\" value=\"\" \/>\n<\/fieldset>\n<h4>\u0417\u0430\u043f\u0438\u0441\u044c \u043d\u0430 \u043f\u0440\u0438\u0435\u043c \u0438 \u043a\u043e\u043d\u0442\u0430\u043a\u0442\u044b<\/h4>\n<p style=\"font-size:15px; margin-top:15px; margin-bottom:32px;\">\u0421 \u043f\u043e\u043c\u043e\u0449\u044c\u044e \u044d\u0442\u043e\u0439 \u0444\u043e\u0440\u043c\u044b \u0432\u044b \u043c\u043e\u0436\u0435\u0442\u0435 \u0441\u0432\u044f\u0437\u0430\u0442\u044c\u0441\u044f \u043f\u043e \u0432\u043e\u043f\u0440\u043e\u0441\u0430\u043c \u0437\u0430\u043f\u0438\u0441\u0438 \u043d\u0430 \u043f\u0440\u0438\u0435\u043c\n\u0438 \u043f\u043e \u0434\u0440\u0443\u0433\u0438\u043c \u0432\u043e\u043f\u0440\u043e\u0441\u0430\u043c.<\/p>\n<div class=\"row\">\n    <div class=\"col-sm-12 col-md-6 col-lg-6\">\n        <div class=\"input-filled\"><span class=\"wpcf7-form-control-wrap\" data-name=\"your-name\"><input size=\"40\" class=\"wpcf7-form-control wpcf7-text wpcf7-validates-as-required\" aria-required=\"true\" aria-invalid=\"false\" placeholder=\"\u0418\u043c\u044f \u0424\u0430\u043c\u0438\u043b\u0438\u044f\" value=\"\" type=\"text\" name=\"your-name\" \/><\/span><\/div>\n    <\/div>\n    <div class=\"col-sm-12 col-md-6 col-lg-6\">\n        <div class=\"input-filled\"><span class=\"wpcf7-form-control-wrap\" data-name=\"your-email\"><input size=\"40\" class=\"wpcf7-form-control wpcf7-email wpcf7-validates-as-required wpcf7-text wpcf7-validates-as-email\" aria-required=\"true\" aria-invalid=\"false\" placeholder=\"\u041f\u043e\u0447\u0442\u0430\" value=\"\" type=\"email\" name=\"your-email\" \/><\/span><\/div>\n    <\/div>\n<\/div>\n\n<div class=\"row\">\n    <div class=\"col-sm-12 col-md-6 col-lg-6\">\n        <div class=\"input-filled\"><span class=\"wpcf7-form-control-wrap cms-wpcf7-form-control-wrap\" data-name=\"your-subject\"><select class=\"wpcf7-form-control wpcf7-select\" aria-invalid=\"false\" name=\"your-subject\"><option value=\"\u0422\u0435\u043c\u0430\">\u0422\u0435\u043c\u0430<\/option><option value=\"\u0417\u0430\u043f\u0438\u0441\u044c \u043d\u0430 \u043f\u0440\u0438\u0435\u043c\">\u0417\u0430\u043f\u0438\u0441\u044c \u043d\u0430 \u043f\u0440\u0438\u0435\u043c<\/option><option value=\"\u0414\u0440\u0443\u0433\u043e\u0435\">\u0414\u0440\u0443\u0433\u043e\u0435<\/option><\/select><\/span><\/div>\n    <\/div>\n    <div class=\"col-sm-12 col-md-6 col-lg-6\">\n        <div class=\"input-filled\"><span class=\"wpcf7-form-control-wrap\" data-name=\"phonetext-19\"><input size=\"40\" class=\"wpcf7-form-control wpcf7-phonetext wpcf7-validates-as-required wpcf7-text wpcf7-validates-as-phonetext\" aria-required=\"true\" aria-invalid=\"false\" placeholder=\"\u041d\u043e\u043c\u0435\u0440 \u0442\u0435\u043b\u0435\u0444\u043e\u043d\u0430\" value=\"\" type=\"text\" name=\"phonetext-19\" \/><input type=\"hidden\" name=\"phonetext-19-country-code\" class=\"wpcf7-phonetext-country-code\" \/><\/span><\/div>\n    <\/div>\n<\/div>\n\n<div class=\"row\">\n    <div class=\"col-12\">\n        <div class=\"input-filled\"><span class=\"wpcf7-form-control-wrap\" data-name=\"your-message\"><textarea cols=\"40\" rows=\"10\" maxlength=\"2000\" class=\"wpcf7-form-control wpcf7-textarea wpcf7-validates-as-required\" aria-required=\"true\" aria-invalid=\"false\" placeholder=\"\u0421\u043e\u043e\u0431\u0449\u0435\u043d\u0438\u0435\" name=\"your-message\"><\/textarea><\/span><\/div>\n    <\/div>\n<\/div>\n<span class=\"wpcf7-form-control-wrap\" data-name=\"checkbox-826\"><span class=\"wpcf7-form-control wpcf7-checkbox wpcf7-validates-as-required\"><span class=\"wpcf7-list-item first last\"><label><input type=\"checkbox\" name=\"checkbox-826[]\" value=\"\u042f \u0434\u0430\u044e \u0441\u043e\u0433\u043b\u0430\u0441\u0438\u0435 \u043d\u0430 \u0442\u043e, \u0447\u0442\u043e\u0431\u044b \u0441\u043e \u043c\u043d\u043e\u0439 \u0441\u0432\u044f\u0437\u0430\u043b\u0438\u0441\u044c.\" \/><span class=\"wpcf7-list-item-label\">\u042f \u0434\u0430\u044e \u0441\u043e\u0433\u043b\u0430\u0441\u0438\u0435 \u043d\u0430 \u0442\u043e, \u0447\u0442\u043e\u0431\u044b \u0441\u043e \u043c\u043d\u043e\u0439 \u0441\u0432\u044f\u0437\u0430\u043b\u0438\u0441\u044c.<\/span><\/label><\/span><\/span><\/span>\n<div class=\"row\">\n    <div class=\"col-12\">\n      <button style=\"line-height: 66px;\" type=\"submit\" class=\"wpcf7-submit btn btn-secondary btn-fullwidth\"><i class=\"fas fa-arrow-circle-right space-right\" style=\"margin-left:7px;\"><\/i> \u041e\u0442\u043f\u0440\u0430\u0432\u0438\u0442\u044c<\/button>\n    <\/div>\n<\/div><p style=\"display: none !important;\" class=\"akismet-fields-container\" data-prefix=\"_wpcf7_ak_\"><label>&#916;<textarea name=\"_wpcf7_ak_hp_textarea\" cols=\"45\" rows=\"8\" maxlength=\"100\"><\/textarea><\/label><input type=\"hidden\" id=\"ak_js_1\" name=\"_wpcf7_ak_js\" value=\"42\"\/><script>document.getElementById( \"ak_js_1\" ).setAttribute( \"value\", ( new Date() ).getTime() );<\/script><\/p><div class=\"wpcf7-response-output\" aria-hidden=\"true\"><\/div>\n<\/form>\n<\/div>\n        <\/div>\r\n    <\/div>\r\n\t\t<\/div>\n\t\t\t\t<\/div>\n\t\t            <\/div>\r\n        <\/div>\r\n                <div class=\"elementor-column elementor-col-50 elementor-inner-column elementor-element elementor-element-6c11abca box-border-60 secondary\" data-id=\"6c11abca\" data-element_type=\"column\" data-settings=\"{&quot;background_background&quot;:&quot;classic&quot;}\">\r\n            <div class=\"elementor-widget-wrap elementor-element-populated\">\r\n                    <div class=\"elementor-background-overlay\"><\/div>\r\n                \t\t<div class=\"elementor-element elementor-element-dca94a0 elementor-widget elementor-widget-cms_heading\" data-id=\"dca94a0\" data-element_type=\"widget\" data-widget_type=\"cms_heading.default\">\n\t\t\t\t<div class=\"elementor-widget-container\">\n\t\t\t<div class=\"cms-heading-wrapper cms-heading-layout1\">\r\n    \r\n            <h3 class=\"custom-heading\">\r\n            <span >\u043a\u043e\u043d\u0442\u0430\u043a\u0442<\/span>\r\n        <\/h3>\r\n        \r\n    <\/div>\t\t<\/div>\n\t\t\t\t<\/div>\n\t\t\t\t<div class=\"elementor-element elementor-element-3451af1f elementor-icon-list--layout-traditional elementor-list-item-link-full_width elementor-widget elementor-widget-icon-list\" data-id=\"3451af1f\" data-element_type=\"widget\" data-widget_type=\"icon-list.default\">\n\t\t\t\t<div class=\"elementor-widget-container\">\n\t\t\t\t\t<ul class=\"elementor-icon-list-items\">\n\t\t\t\t\t\t\t<li class=\"elementor-icon-list-item\">\n\t\t\t\t\t\t\t\t\t\t\t<a href=\"tel:+905451645177\" target=\"_blank\" rel=\"nofollow\">\n\n\t\t\t\t\t\t\t\t\t\t\t\t<span class=\"elementor-icon-list-icon\">\n\t\t\t\t\t\t\t<i aria-hidden=\"true\" class=\"fas fa-phone-alt\"><\/i>\t\t\t\t\t\t<\/span>\n\t\t\t\t\t\t\t\t\t\t<span class=\"elementor-icon-list-text\">05451645177<\/span>\n\t\t\t\t\t\t\t\t\t\t\t<\/a>\n\t\t\t\t\t\t\t\t\t<\/li>\n\t\t\t\t\t\t\t\t<li class=\"elementor-icon-list-item\">\n\t\t\t\t\t\t\t\t\t\t\t<a href=\"https:\/\/g.page\/dental-clinic-turkey-istanbul\" target=\"_blank\" rel=\"nofollow\">\n\n\t\t\t\t\t\t\t\t\t\t\t\t<span class=\"elementor-icon-list-icon\">\n\t\t\t\t\t\t\t<i aria-hidden=\"true\" class=\"fas fa-map-marker-alt\"><\/i>\t\t\t\t\t\t<\/span>\n\t\t\t\t\t\t\t\t\t\t<span class=\"elementor-icon-list-text\">\u00d6mer Avni, Meclis-i Mebusan Cd. no: 71 Kat: 1, Beyo\u011flu\/\u0130stanbul<\/span>\n\t\t\t\t\t\t\t\t\t\t\t<\/a>\n\t\t\t\t\t\t\t\t\t<\/li>\n\t\t\t\t\t\t\t\t<li class=\"elementor-icon-list-item\">\n\t\t\t\t\t\t\t\t\t\t\t<span class=\"elementor-icon-list-icon\">\n\t\t\t\t\t\t\t<i aria-hidden=\"true\" class=\"fas fa-clock\"><\/i>\t\t\t\t\t\t<\/span>\n\t\t\t\t\t\t\t\t\t\t<span class=\"elementor-icon-list-text\">8:30 - 19:00<\/span>\n\t\t\t\t\t\t\t\t\t<\/li>\n\t\t\t\t\t\t<\/ul>\n\t\t\t\t<\/div>\n\t\t\t\t<\/div>\n\t\t\t\t<div class=\"elementor-element elementor-element-25f36220 elementor-widget elementor-widget-cms_button\" data-id=\"25f36220\" data-element_type=\"widget\" data-widget_type=\"cms_button.default\">\n\t\t\t\t<div class=\"elementor-widget-container\">\n\t\t\t<div class=\"cms-button-wrapper cms-button layout1\">\r\n    <a href=\"https:\/\/drkundakcioglu.com\/hakkimizda\/\" target=\"_blank\" rel=\"nofollow\" class=\"btn btn-outline-white\">\r\n                            <span class=\"cms-button-icon cms-align-icon-\">\r\n                            <\/span>\r\n                <span class=\"cms-button-text\">\u041e \u043d\u0430\u0441<\/span>\r\n    <\/a>\r\n<\/div>\t\t<\/div>\n\t\t\t\t<\/div>\n\t\t            <\/div>\r\n        <\/div>\r\n        \t\t\t<\/div>\r\n\t\t<\/section>\r\n\t\t            <\/div>\r\n        <\/div>\r\n        \t\t\t<\/div>\r\n\t\t<\/section>\r\n\t\t\t\t<\/div>\n\t\t","protected":false},"excerpt":{"rendered":"<p>\u0417\u0430\u043f\u0438\u0441\u044c \u043d\u0430 \u043f\u0440\u0438\u0435\u043c \u0438 \u043a\u043e\u043d\u0442\u0430\u043a\u0442\u044b \u0421 \u043f\u043e\u043c\u043e\u0449\u044c\u044e \u044d\u0442\u043e\u0439 \u0444\u043e\u0440\u043c\u044b \u0432\u044b \u043c\u043e\u0436\u0435\u0442\u0435 \u0441\u0432\u044f\u0437\u0430\u0442\u044c\u0441\u044f \u043f\u043e \u0432\u043e\u043f\u0440\u043e\u0441\u0430\u043c \u0437\u0430\u043f\u0438\u0441\u0438 \u043d\u0430 \u043f\u0440\u0438\u0435\u043c \u0438 \u043f\u043e \u0434\u0440\u0443\u0433\u0438\u043c \u0432\u043e\u043f\u0440\u043e\u0441\u0430\u043c. Subject\u0417\u0430\u043f\u0438\u0441\u044c \u043d\u0430 \u043f\u0440\u0438\u0435\u043c\u0414\u0440\u0443\u0433\u043e\u0435 \u042f \u0434\u0430\u044e \u0441\u043e\u0433\u043b\u0430\u0441\u0438\u0435 \u043d\u0430 \u0442\u043e, \u0447\u0442\u043e\u0431\u044b \u0441\u043e \u043c\u043d\u043e\u0439 \u0441\u0432\u044f\u0437\u0430\u043b\u0438\u0441\u044c. \u041e\u0442\u043f\u0440\u0430\u0432\u0438\u0442\u044c &#916; \u043a\u043e\u043d\u0442\u0430\u043a\u0442 05451645177 \u00d6mer Avni, Meclis-i Mebusan Cd. no: 71 Kat: 1, Beyo\u011flu\/\u0130stanbul 8:30 &#8211; 19:00 \u041e \u043d\u0430\u0441<\/p>\n","protected":false},"author":1,"featured_media":0,"parent":0,"menu_order":0,"comment_status":"closed","ping_status":"closed","template":"","meta":{"footnotes":""},"class_list":["post-14485","page","type-page","status-publish","hentry"],"_links":{"self":[{"href":"https:\/\/drkundakcioglu.com\/ru\/wp-json\/wp\/v2\/pages\/14485","targetHints":{"allow":["GET"]}}],"collection":[{"href":"https:\/\/drkundakcioglu.com\/ru\/wp-json\/wp\/v2\/pages"}],"about":[{"href":"https:\/\/drkundakcioglu.com\/ru\/wp-json\/wp\/v2\/types\/page"}],"author":[{"embeddable":true,"href":"https:\/\/drkundakcioglu.com\/ru\/wp-json\/wp\/v2\/users\/1"}],"replies":[{"embeddable":true,"href":"https:\/\/drkundakcioglu.com\/ru\/wp-json\/wp\/v2\/comments?post=14485"}],"version-history":[{"count":7,"href":"https:\/\/drkundakcioglu.com\/ru\/wp-json\/wp\/v2\/pages\/14485\/revisions"}],"predecessor-version":[{"id":14893,"href":"https:\/\/drkundakcioglu.com\/ru\/wp-json\/wp\/v2\/pages\/14485\/revisions\/14893"}],"wp:attachment":[{"href":"https:\/\/drkundakcioglu.com\/ru\/wp-json\/wp\/v2\/media?parent=14485"}],"curies":[{"name":"wp","href":"https:\/\/api.w.org\/{rel}","templated":true}]}}